{"id":1124,"date":"2022-10-10T18:53:29","date_gmt":"2022-10-10T17:53:29","guid":{"rendered":"https:\/\/buchassist.com\/impronta\/"},"modified":"2022-11-10T21:24:01","modified_gmt":"2022-11-10T20:24:01","slug":"impronta","status":"publish","type":"page","link":"https:\/\/www.buchassist.com\/it\/impronta\/","title":{"rendered":"Impronta"},"content":{"rendered":"\t\t<div data-elementor-type=\"wp-page\" data-elementor-id=\"1124\" class=\"elementor elementor-1124 elementor-145\" data-elementor-post-type=\"page\">\n\t\t\t\t\t\t<section class=\"elementor-section elementor-top-section elementor-element elementor-element-2eda988 elementor-section-content-middle elementor-section-boxed elementor-section-height-default elementor-section-height-default\" data-id=\"2eda988\" data-element_type=\"section\" data-settings=\"{&quot;background_background&quot;:&quot;classic&quot;}\">\n\t\t\t\t\t\t<div class=\"elementor-container elementor-column-gap-no\">\n\t\t\t\t\t<div class=\"elementor-column elementor-col-100 elementor-top-column elementor-element elementor-element-8e84401\" data-id=\"8e84401\" data-element_type=\"column\">\n\t\t\t<div class=\"elementor-widget-wrap elementor-element-populated\">\n\t\t\t\t\t\t<div class=\"elementor-element elementor-element-0d58935 elementor-widget elementor-widget-heading\" data-id=\"0d58935\" data-element_type=\"widget\" data-widget_type=\"heading.default\">\n\t\t\t\t<div class=\"elementor-widget-container\">\n\t\t\t\t\t<h4 class=\"elementor-heading-title elementor-size-default\">Impronta<\/h4>\t\t\t\t<\/div>\n\t\t\t\t<\/div>\n\t\t\t\t<section class=\"elementor-section elementor-inner-section elementor-element elementor-element-df85ef5 elementor-section-boxed elementor-section-height-default elementor-section-height-default\" data-id=\"df85ef5\" data-element_type=\"section\">\n\t\t\t\t\t\t<div class=\"elementor-container elementor-column-gap-default\">\n\t\t\t\t\t<div class=\"elementor-column elementor-col-100 elementor-inner-column elementor-element elementor-element-20d0070\" data-id=\"20d0070\" data-element_type=\"column\">\n\t\t\t<div class=\"elementor-widget-wrap elementor-element-populated\">\n\t\t\t\t\t\t<div class=\"elementor-element elementor-element-c44dd47 elementor-align-center elementor-widget elementor-widget-button\" data-id=\"c44dd47\" data-element_type=\"widget\" data-widget_type=\"button.default\">\n\t\t\t\t<div class=\"elementor-widget-container\">\n\t\t\t\t\t\t\t\t\t<div class=\"elementor-button-wrapper\">\n\t\t\t\t\t<a class=\"elementor-button elementor-button-link elementor-size-lg\" href=\"https:\/\/www.buchassist.com\/it\/contatto\/\">\n\t\t\t\t\t\t<span class=\"elementor-button-content-wrapper\">\n\t\t\t\t\t\t\t\t\t<span class=\"elementor-button-text\">Contatto<\/span>\n\t\t\t\t\t<\/span>\n\t\t\t\t\t<\/a>\n\t\t\t\t<\/div>\n\t\t\t\t\t\t\t\t<\/div>\n\t\t\t\t<\/div>\n\t\t\t\t\t<\/div>\n\t\t<\/div>\n\t\t\t\t\t<\/div>\n\t\t<\/section>\n\t\t\t\t<section class=\"elementor-section elementor-inner-section elementor-element elementor-element-2076818 elementor-section-content-middle elementor-section-boxed elementor-section-height-default elementor-section-height-default\" data-id=\"2076818\" data-element_type=\"section\">\n\t\t\t\t\t\t<div class=\"elementor-container elementor-column-gap-default\">\n\t\t\t\t\t<div class=\"elementor-column elementor-col-50 elementor-inner-column elementor-element elementor-element-c70b6e4\" data-id=\"c70b6e4\" data-element_type=\"column\">\n\t\t\t<div class=\"elementor-widget-wrap elementor-element-populated\">\n\t\t\t\t\t\t<div class=\"elementor-element elementor-element-e27f317 elementor-widget elementor-widget-text-editor\" data-id=\"e27f317\" data-element_type=\"widget\" data-widget_type=\"text-editor.default\">\n\t\t\t\t<div class=\"elementor-widget-container\">\n\t\t\t\t\t\t\t\t\t<h2>Responsabile di questo sito web<\/h2>\n<div>\n<ul>\n<li>Accentoris AG<br \/>Auerstrasse 14<br \/>9442 Berneck<br \/>Svizzera<\/li>\n<\/ul>\n<div>\n<p>Contatto per la Germania<\/p>\n<ul>\n<li>Digitales Zeugs UG (responsabilit\u00e0 limitata)<br \/>Grafenberger Allee 277-287 40237 D\u00fcsseldorf Germania<\/li>\n<li>Amministratore delegato: Peter Sonderegger Tribunale locale: D\u00fcsseldorf<br \/>Registro delle imprese: HRB 88634<br \/>Partita IVA: DE32839845<\/li>\n<\/ul>\n<\/div>\n<\/div>\n\t\t\t\t\t\t\t\t<\/div>\n\t\t\t\t<\/div>\n\t\t\t\t\t<\/div>\n\t\t<\/div>\n\t\t\t\t<div class=\"elementor-column elementor-col-50 elementor-inner-column elementor-element elementor-element-5c5d94e\" data-id=\"5c5d94e\" data-element_type=\"column\">\n\t\t\t<div class=\"elementor-widget-wrap elementor-element-populated\">\n\t\t\t\t\t\t<div class=\"elementor-element elementor-element-d1f8e67 elementor-widget elementor-widget-text-editor\" data-id=\"d1f8e67\" data-element_type=\"widget\" data-widget_type=\"text-editor.default\">\n\t\t\t\t<div class=\"elementor-widget-container\">\n\t\t\t\t\t\t\t\t\t<h2>Note<\/h2>\n<ul>\n<li>Accentoris AG detiene tutti i diritti d&#8217;autore di questo sito web. Non \u00e8 consentita la copia dei contenuti e del design. L&#8217;uso di questo sito web o, in particolare, dei link alle e-mail non crea alcun rapporto di clientela. Le consulenze e i servizi possono essere realizzati solo attraverso accordi formali.<\/li>\n<li>Accentoris AG non si assume alcuna responsabilit\u00e0 per l&#8217;accuratezza, la completezza e l&#8217;attualit\u00e0 dei contenuti forniti in questo sito web. Lo stesso vale per il contenuto di siti web esterni ai quali si fa riferimento direttamente o indirettamente su questo sito web tramite collegamenti ipertestuali e sui quali Accentoris AG non ha alcuna influenza.<\/li>\n<\/ul>\n\t\t\t\t\t\t\t\t<\/div>\n\t\t\t\t<\/div>\n\t\t\t\t\t<\/div>\n\t\t<\/div>\n\t\t\t\t\t<\/div>\n\t\t<\/section>\n\t\t\t\t\t<\/div>\n\t\t<\/div>\n\t\t\t\t\t<\/div>\n\t\t<\/section>\n\t\t\t\t<\/div>\n\t\t","protected":false},"excerpt":{"rendered":"<p>Impronta Contatto Responsabile di questo sito web Accentoris AGAuerstrasse 149442 BerneckSvizzera Contatto per la Germania Digitales Zeugs UG (responsabilit\u00e0 limitata)Grafenberger Allee 277-287 40237 D\u00fcsseldorf Germania Amministratore delegato: Peter Sonderegger Tribunale locale: D\u00fcsseldorfRegistro delle imprese: HRB 88634Partita IVA: DE32839845 Note Accentoris AG detiene tutti i diritti d&#8217;autore di questo sito web. Non \u00e8 consentita la copia [&hellip;]<\/p>\n","protected":false},"author":2,"featured_media":0,"parent":0,"menu_order":0,"comment_status":"closed","ping_status":"closed","template":"","meta":{"_monsterinsights_skip_tracking":false,"_monsterinsights_sitenote_active":false,"_monsterinsights_sitenote_note":"","_monsterinsights_sitenote_category":0,"site-sidebar-layout":"no-sidebar","site-content-layout":"page-builder","ast-site-content-layout":"","site-content-style":"default","site-sidebar-style":"default","ast-global-header-display":"","ast-banner-title-visibility":"","ast-main-header-display":"","ast-hfb-above-header-display":"","ast-hfb-below-header-display":"","ast-hfb-mobile-header-display":"","site-post-title":"disabled","ast-breadcrumbs-content":"","ast-featured-img":"disabled","footer-sml-layout":"","theme-transparent-header-meta":"","adv-header-id-meta":"","stick-header-meta":"","header-above-stick-meta":"","header-main-stick-meta":"","header-below-stick-meta":"","astra-migrate-meta-layouts":"default","ast-page-background-enabled":"default","ast-page-background-meta":{"desktop":{"background-color":"var(--ast-global-color-4)","background-image":"","background-repeat":"repeat","background-position":"center center","background-size":"auto","background-attachment":"scroll","background-type":"","background-media":"","overlay-type":"","overlay-color":"","overlay-gradient":""},"tablet":{"background-color":"","background-image":"","background-repeat":"repeat","background-position":"center center","background-size":"auto","background-attachment":"scroll","background-type":"","background-media":"","overlay-type":"","overlay-color":"","overlay-gradient":""},"mobile":{"background-color":"","background-image":"","background-repeat":"repeat","background-position":"center center","background-size":"auto","background-attachment":"scroll","background-type":"","background-media":"","overlay-type":"","overlay-color":"","overlay-gradient":""}},"ast-content-background-meta":{"desktop":{"background-color":"var(--ast-global-color-5)","background-image":"","background-repeat":"repeat","background-position":"center center","background-size":"auto","background-attachment":"scroll","background-type":"","background-media":"","overlay-type":"","overlay-color":"","overlay-gradient":""},"tablet":{"background-color":"var(--ast-global-color-5)","background-image":"","background-repeat":"repeat","background-position":"center center","background-size":"auto","background-attachment":"scroll","background-type":"","background-media":"","overlay-type":"","overlay-color":"","overlay-gradient":""},"mobile":{"background-color":"var(--ast-global-color-5)","background-image":"","background-repeat":"repeat","background-position":"center center","background-size":"auto","background-attachment":"scroll","background-type":"","background-media":"","overlay-type":"","overlay-color":"","overlay-gradient":""}},"footnotes":""},"_links":{"self":[{"href":"https:\/\/www.buchassist.com\/it\/wp-json\/wp\/v2\/pages\/1124"}],"collection":[{"href":"https:\/\/www.buchassist.com\/it\/wp-json\/wp\/v2\/pages"}],"about":[{"href":"https:\/\/www.buchassist.com\/it\/wp-json\/wp\/v2\/types\/page"}],"author":[{"embeddable":true,"href":"https:\/\/www.buchassist.com\/it\/wp-json\/wp\/v2\/users\/2"}],"replies":[{"embeddable":true,"href":"https:\/\/www.buchassist.com\/it\/wp-json\/wp\/v2\/comments?post=1124"}],"version-history":[{"count":7,"href":"https:\/\/www.buchassist.com\/it\/wp-json\/wp\/v2\/pages\/1124\/revisions"}],"predecessor-version":[{"id":1928,"href":"https:\/\/www.buchassist.com\/it\/wp-json\/wp\/v2\/pages\/1124\/revisions\/1928"}],"wp:attachment":[{"href":"https:\/\/www.buchassist.com\/it\/wp-json\/wp\/v2\/media?parent=1124"}],"curies":[{"name":"wp","href":"https:\/\/api.w.org\/{rel}","templated":true}]}}