{"id":1269,"date":"2022-10-30T20:05:09","date_gmt":"2022-10-30T19:05:09","guid":{"rendered":"https:\/\/buchassist.com\/?post_type=product&#038;p=1269"},"modified":"2023-11-04T21:09:45","modified_gmt":"2023-11-04T20:09:45","slug":"cours-actuels-pour-votre-comptabilite-packet","status":"publish","type":"product","link":"https:\/\/www.buchassist.com\/fr\/produit\/cours-actuels-pour-votre-comptabilite-packet\/","title":{"rendered":"Mise \u00e0 jour des devises, paquet de 5"},"content":{"rendered":"<p>Votre taux de change sous contr\u00f4le dans Bexio. Quand quelle taux de change a \u00e9t\u00e9 mise \u00e0 jour ?<\/p>\n<p>Avec mise \u00e0 jour automatique des taux de change avec les <a href=\"https:\/\/www.estv.admin.ch\/estv\/de\/home\/mehrwertsteuer\/mwst-abrechnen\/mwst-fremdwaehrungskurse\/mwst-monatsmittelkurse\/mwst-aktueller-monatsmittelkurs.html\" target=\"_blank\" rel=\"noopener\">taux mensuels de l&rsquo;AFC<\/a> dans la premi\u00e8re nuit de chaque mois.<\/p>\n<p>Ou quand vous voulez, en un clic<\/p>\n<p>En pack \u00e9conomique de 5 pour les fiduciaires pour vos clients.<\/p>\n<div class=\"elementor-element elementor-element-78ce369 elementor-icon-list--layout-traditional elementor-list-item-link-full_width elementor-widget elementor-widget-icon-list\" data-id=\"78ce369\" data-element_type=\"widget\" data-widget_type=\"icon-list.default\">\n<p><strong>2 mois offerts en cas de facturation annuelle.<\/strong><\/p>\n<\/div>\n<div class=\"elementor-element elementor-element-78ce369 elementor-icon-list--layout-traditional elementor-list-item-link-full_width elementor-widget elementor-widget-icon-list\" data-id=\"78ce369\" data-element_type=\"widget\" data-widget_type=\"icon-list.default\">\n<div class=\"elementor-widget-container\">\n<h3>taux de change actuels pour votre comptabilit\u00e9<\/h3>\n<\/div>\n<\/div>\n<p>&nbsp;<\/p>\n<p>&nbsp;<\/p>\n","protected":false},"excerpt":{"rendered":"<p>En paquet de 5 \u00e0 prix avantageux<\/p>\n<p>&nbsp;<\/p>\n","protected":false},"featured_media":340,"template":"","meta":{"_monsterinsights_skip_tracking":false,"_monsterinsights_sitenote_active":false,"_monsterinsights_sitenote_note":"","_monsterinsights_sitenote_category":0,"site-sidebar-layout":"default","site-content-layout":"default","ast-site-content-layout":"","site-content-style":"default","site-sidebar-style":"default","ast-global-header-display":"","ast-banner-title-visibility":"","ast-main-header-display":"","ast-hfb-above-header-display":"","ast-hfb-below-header-display":"","ast-hfb-mobile-header-display":"","site-post-title":"","ast-breadcrumbs-content":"","ast-featured-img":"","footer-sml-layout":"","theme-transparent-header-meta":"default","adv-header-id-meta":"","stick-header-meta":"","header-above-stick-meta":"","header-main-stick-meta":"","header-below-stick-meta":"","astra-migrate-meta-layouts":"default","ast-page-background-enabled":"default","ast-page-background-meta":{"desktop":{"background-color":"var(--ast-global-color-4)","background-image":"","background-repeat":"repeat","background-position":"center center","background-size":"auto","background-attachment":"scroll","background-type":"","background-media":"","overlay-type":"","overlay-color":"","overlay-gradient":""},"tablet":{"background-color":"","background-image":"","background-repeat":"repeat","background-position":"center center","background-size":"auto","background-attachment":"scroll","background-type":"","background-media":"","overlay-type":"","overlay-color":"","overlay-gradient":""},"mobile":{"background-color":"","background-image":"","background-repeat":"repeat","background-position":"center center","background-size":"auto","background-attachment":"scroll","background-type":"","background-media":"","overlay-type":"","overlay-color":"","overlay-gradient":""}},"ast-content-background-meta":{"desktop":{"background-color":"var(--ast-global-color-5)","background-image":"","background-repeat":"repeat","background-position":"center center","background-size":"auto","background-attachment":"scroll","background-type":"","background-media":"","overlay-type":"","overlay-color":"","overlay-gradient":""},"tablet":{"background-color":"var(--ast-global-color-5)","background-image":"","background-repeat":"repeat","background-position":"center center","background-size":"auto","background-attachment":"scroll","background-type":"","background-media":"","overlay-type":"","overlay-color":"","overlay-gradient":""},"mobile":{"background-color":"var(--ast-global-color-5)","background-image":"","background-repeat":"repeat","background-position":"center center","background-size":"auto","background-attachment":"scroll","background-type":"","background-media":"","overlay-type":"","overlay-color":"","overlay-gradient":""}}},"product_cat":[156],"product_tag":[],"bundled_by":[],"bundle_stock_status":"instock","bundle_stock_quantity":3998,"bundle_virtual":false,"bundle_layout":"default","bundle_add_to_cart_form_location":"default","bundle_editable_in_cart":false,"bundle_sold_individually_context":"product","bundle_item_grouping":"parent","bundle_min_size":"","bundle_max_size":"","bundle_price":{"price":{"min":{"incl_tax":"44.55","excl_tax":"41.21"},"max":{"incl_tax":"44.55","excl_tax":"41.21"}},"regular_price":{"min":{"incl_tax":"0","excl_tax":"0"},"max":{"incl_tax":"0","excl_tax":"0"}}},"bundled_items":[{"bundled_item_id":20,"product_id":996,"menu_order":0,"quantity_min":5,"quantity_max":5,"quantity_default":5,"priced_individually":true,"shipped_individually":true,"override_title":false,"title":"Mise \u00e0 jour des devises pour votre comptabilit\u00e9","override_description":false,"description":"Mise \u00e0 jour des devises pour votre comptabilit\u00e9","optional":false,"hide_thumbnail":true,"discount":"10","override_variations":false,"allowed_variations":[""],"override_default_variation_attributes":false,"default_variation_attributes":[],"single_product_visibility":"visible","cart_visibility":"visible","order_visibility":"hidden","single_product_price_visibility":"visible","cart_price_visibility":"visible","order_price_visibility":"visible","stock_status":"in_stock"}],"bundle_sell_ids":[],"_links":{"self":[{"href":"https:\/\/www.buchassist.com\/fr\/wp-json\/wp\/v2\/product\/1269"}],"collection":[{"href":"https:\/\/www.buchassist.com\/fr\/wp-json\/wp\/v2\/product"}],"about":[{"href":"https:\/\/www.buchassist.com\/fr\/wp-json\/wp\/v2\/types\/product"}],"wp:featuredmedia":[{"embeddable":true,"href":"https:\/\/www.buchassist.com\/fr\/wp-json\/wp\/v2\/media\/340"}],"wp:attachment":[{"href":"https:\/\/www.buchassist.com\/fr\/wp-json\/wp\/v2\/media?parent=1269"}],"wp:term":[{"taxonomy":"product_cat","embeddable":true,"href":"https:\/\/www.buchassist.com\/fr\/wp-json\/wp\/v2\/product_cat?post=1269"},{"taxonomy":"product_tag","embeddable":true,"href":"https:\/\/www.buchassist.com\/fr\/wp-json\/wp\/v2\/product_tag?post=1269"}],"curies":[{"name":"wp","href":"https:\/\/api.w.org\/{rel}","templated":true}]}}